{"id":882,"date":"2024-07-31T08:50:10","date_gmt":"2024-07-31T08:50:10","guid":{"rendered":"https:\/\/pergolaprestige.ch\/?post_type=product&#038;p=882"},"modified":"2024-09-24T08:51:10","modified_gmt":"2024-09-24T08:51:10","slug":"abri-de-garage-et-pool-house","status":"publish","type":"product","link":"https:\/\/pergolaprestige.ch\/en\/product\/abri-de-garage-et-pool-house\/","title":{"rendered":"Abri de garage et Pool House"},"content":{"rendered":"<p><img fetchpriority=\"high\" decoding=\"async\" class=\"alignnone wp-image-885\" src=\"https:\/\/pergolaprestige.ch\/wp-content\/uploads\/2024\/07\/624-300x102.png\" alt=\"\" width=\"1335\" height=\"454\" srcset=\"https:\/\/pergolaprestige.ch\/wp-content\/uploads\/2024\/07\/624-300x102.png 300w, https:\/\/pergolaprestige.ch\/wp-content\/uploads\/2024\/07\/624-1024x347.png 1024w, https:\/\/pergolaprestige.ch\/wp-content\/uploads\/2024\/07\/624-768x260.png 768w, https:\/\/pergolaprestige.ch\/wp-content\/uploads\/2024\/07\/624-600x203.png 600w\" sizes=\"(max-width: 1335px) 100vw, 1335px\" \/> <img decoding=\"async\" class=\"alignnone wp-image-886\" src=\"https:\/\/pergolaprestige.ch\/wp-content\/uploads\/2024\/07\/625-300x107.png\" alt=\"\" width=\"1315\" height=\"469\" srcset=\"https:\/\/pergolaprestige.ch\/wp-content\/uploads\/2024\/07\/625-300x107.png 300w, https:\/\/pergolaprestige.ch\/wp-content\/uploads\/2024\/07\/625-1024x364.png 1024w, https:\/\/pergolaprestige.ch\/wp-content\/uploads\/2024\/07\/625-768x273.png 768w, https:\/\/pergolaprestige.ch\/wp-content\/uploads\/2024\/07\/625-600x213.png 600w, https:\/\/pergolaprestige.ch\/wp-content\/uploads\/2024\/07\/625.png 1074w\" sizes=\"(max-width: 1315px) 100vw, 1315px\" \/><\/p>","protected":false},"excerpt":{"rendered":"<h2>Caract\u00e9ristiques | Characteristics<\/h2>\n<p>&#8211; La couverture id\u00e9ale \u00e0 placer \u00e0 c\u00f4t\u00e9 d&rsquo;une piscine<br \/>\n&#8211; Avec diff\u00e9rentes options de fermeture<br \/>\n&#8211; Hauteur standard 2300 mm, mais modifiable<br \/>\n&#8211; Panneaux en acier double couche de 40 mm isol\u00e9s avec de la<br \/>\nmousse de polyur\u00e9thane, finition textur\u00e9e<br \/>\n&#8211; Panneaux de toiture en acier double couche 96 mm \/ 116 mm<br \/>\nisol\u00e9s avec du polyur\u00e9thane 40 kg\/m3<br \/>\n&#8211; Possibilit\u00e9 d&rsquo;int\u00e9grer des LED<br \/>\n&#8211; Poteaux 154 x 154 mm et goutti\u00e8res 150 x 260 mm<br \/>\n&#8211; Peint selon les normes Qualicoat \/ Qualanod \/ Qualimarine<br \/>\n&#8211; Aluminium 100% RECYCLABLE<br \/>\n&#8211; The ideal cover to place next to a swimming pool<br \/>\n&#8211; With various closure options<br \/>\n&#8211; Standard height 2300 mm, but adjustable<br \/>\n&#8211; Double-layer steel panels of 40 mm insulated with polyurethane<br \/>\nfoam, textured finish<br \/>\n&#8211; Roof panels double-layer steel 96 mm \/ 116 mm insulated with<br \/>\npolyurethane 40 kg\/m3<br \/>\n&#8211; Possibility to integrate LED lights<br \/>\n&#8211; Posts 154 x 154 mm and gutters 150 x 260 mm<br \/>\n&#8211; Painted according to Qualicoat \/ Qualanod \/ Qualimarine standards<br \/>\n&#8211; 100% RECYCLABLE Aluminum<\/p>","protected":false},"featured_media":883,"comment_status":"open","ping_status":"closed","template":"","meta":{"om_disable_all_campaigns":false,"_monsterinsights_skip_tracking":false,"_monsterinsights_sitenote_active":false,"_monsterinsights_sitenote_note":"","_monsterinsights_sitenote_category":0,"site-sidebar-layout":"default","site-content-layout":"","ast-site-content-layout":"default","site-content-style":"default","site-sidebar-style":"default","ast-global-header-display":"","ast-banner-title-visibility":"","ast-main-header-display":"","ast-hfb-above-header-display":"","ast-hfb-below-header-display":"","ast-hfb-mobile-header-display":"","site-post-title":"","ast-breadcrumbs-content":"","ast-featured-img":"","footer-sml-layout":"","theme-transparent-header-meta":"default","adv-header-id-meta":"","stick-header-meta":"","header-above-stick-meta":"","header-main-stick-meta":"","header-below-stick-meta":"","astra-migrate-meta-layouts":"set","ast-page-background-enabled":"default","ast-page-background-meta":{"desktop":{"background-color":"var(--ast-global-color-4)","background-image":"","background-repeat":"repeat","background-position":"center center","background-size":"auto","background-attachment":"scroll","background-type":"","background-media":"","overlay-type":"","overlay-color":"","overlay-opacity":"","overlay-gradient":""},"tablet":{"background-color":"","background-image":"","background-repeat":"repeat","background-position":"center center","background-size":"auto","background-attachment":"scroll","background-type":"","background-media":"","overlay-type":"","overlay-color":"","overlay-opacity":"","overlay-gradient":""},"mobile":{"background-color":"","background-image":"","background-repeat":"repeat","background-position":"center center","background-size":"auto","background-attachment":"scroll","background-type":"","background-media":"","overlay-type":"","overlay-color":"","overlay-opacity":"","overlay-gradient":""}},"ast-content-background-meta":{"desktop":{"background-color":"var(--ast-global-color-5)","background-image":"","background-repeat":"repeat","background-position":"center center","background-size":"auto","background-attachment":"scroll","background-type":"","background-media":"","overlay-type":"","overlay-color":"","overlay-opacity":"","overlay-gradient":""},"tablet":{"background-color":"var(--ast-global-color-5)","background-image":"","background-repeat":"repeat","background-position":"center center","background-size":"auto","background-attachment":"scroll","background-type":"","background-media":"","overlay-type":"","overlay-color":"","overlay-opacity":"","overlay-gradient":""},"mobile":{"background-color":"var(--ast-global-color-5)","background-image":"","background-repeat":"repeat","background-position":"center center","background-size":"auto","background-attachment":"scroll","background-type":"","background-media":"","overlay-type":"","overlay-color":"","overlay-opacity":"","overlay-gradient":""}}},"product_brand":[],"product_cat":[26,34],"product_tag":[],"class_list":{"0":"post-882","1":"product","2":"type-product","3":"status-publish","4":"has-post-thumbnail","6":"product_cat-abri-shelter","7":"product_cat-car-shelter","8":"tm-no-options","9":"desktop-align-left","10":"tablet-align-left","11":"mobile-align-left","13":"first","14":"instock","15":"shipping-taxable","16":"product-type-simple"},"aioseo_notices":[],"tiered_pricing_type":"fixed","tiered_pricing_fixed_rules":[],"tiered_pricing_product_settings":{"layout":"default","base_unit_name":{"singular":null,"plural":null},"default_variation":null},"tiered_pricing_minimum_quantity":1,"tiered_pricing_roles_data":[],"tiered_pricing_percentage_rules":[],"_links":{"self":[{"href":"https:\/\/pergolaprestige.ch\/en\/wp-json\/wp\/v2\/product\/882"}],"collection":[{"href":"https:\/\/pergolaprestige.ch\/en\/wp-json\/wp\/v2\/product"}],"about":[{"href":"https:\/\/pergolaprestige.ch\/en\/wp-json\/wp\/v2\/types\/product"}],"replies":[{"embeddable":true,"href":"https:\/\/pergolaprestige.ch\/en\/wp-json\/wp\/v2\/comments?post=882"}],"version-history":[{"count":1,"href":"https:\/\/pergolaprestige.ch\/en\/wp-json\/wp\/v2\/product\/882\/revisions"}],"predecessor-version":[{"id":1081,"href":"https:\/\/pergolaprestige.ch\/en\/wp-json\/wp\/v2\/product\/882\/revisions\/1081"}],"wp:featuredmedia":[{"embeddable":true,"href":"https:\/\/pergolaprestige.ch\/en\/wp-json\/wp\/v2\/media\/883"}],"wp:attachment":[{"href":"https:\/\/pergolaprestige.ch\/en\/wp-json\/wp\/v2\/media?parent=882"}],"wp:term":[{"taxonomy":"product_brand","embeddable":true,"href":"https:\/\/pergolaprestige.ch\/en\/wp-json\/wp\/v2\/product_brand?post=882"},{"taxonomy":"product_cat","embeddable":true,"href":"https:\/\/pergolaprestige.ch\/en\/wp-json\/wp\/v2\/product_cat?post=882"},{"taxonomy":"product_tag","embeddable":true,"href":"https:\/\/pergolaprestige.ch\/en\/wp-json\/wp\/v2\/product_tag?post=882"}],"curies":[{"name":"wp","href":"https:\/\/api.w.org\/{rel}","templated":true}]}}