{"id":878,"date":"2024-07-31T08:37:52","date_gmt":"2024-07-31T08:37:52","guid":{"rendered":"https:\/\/pergolaprestige.ch\/?post_type=product&#038;p=878"},"modified":"2024-09-24T08:54:01","modified_gmt":"2024-09-24T08:54:01","slug":"garage","status":"publish","type":"product","link":"https:\/\/pergolaprestige.ch\/en\/product\/garage\/","title":{"rendered":"GARAGE"},"content":{"rendered":"<p><img fetchpriority=\"high\" decoding=\"async\" class=\"alignnone wp-image-880\" src=\"https:\/\/pergolaprestige.ch\/wp-content\/uploads\/2024\/07\/619-300x197.png\" alt=\"\" width=\"1339\" height=\"879\" srcset=\"https:\/\/pergolaprestige.ch\/wp-content\/uploads\/2024\/07\/619-300x197.png 300w, https:\/\/pergolaprestige.ch\/wp-content\/uploads\/2024\/07\/619-1024x671.png 1024w, https:\/\/pergolaprestige.ch\/wp-content\/uploads\/2024\/07\/619-768x503.png 768w, https:\/\/pergolaprestige.ch\/wp-content\/uploads\/2024\/07\/619-600x393.png 600w, https:\/\/pergolaprestige.ch\/wp-content\/uploads\/2024\/07\/619.png 1085w\" sizes=\"(max-width: 1339px) 100vw, 1339px\" \/><\/p>","protected":false},"excerpt":{"rendered":"<h2>Caract\u00e9ristiques | Characteristics<\/h2>\n<p>&#8211; Hauteur 2400 mm<br \/>\n&#8211; Panneaux double peau 40 mm isol\u00e9 avec mousse de<br \/>\npolyur\u00e9thane, finition lisse cot\u00e9 ext\u00e9rieur<br \/>\n&#8211; Section des poteaux 100 x 100 mm<br \/>\n&#8211; Section des poutres 100 x 100 mm<br \/>\n&#8211; Panneaux de toiture double peaux acier 70 mm isol\u00e9<br \/>\navec polyur\u00e9thane 40 kg\/m3<br \/>\n&#8211; L&rsquo;eau coule \u00e0 travers les coins du toit<br \/>\n&#8211; Peinture label Qualicoat \/ Qualanod \/ Qualimarine<br \/>\n&#8211; Height 2400 mm<br \/>\n&#8211; Double skin panels 40 mm insulated with polyurethane<br \/>\nfoam, smooth finish on the outside<br \/>\n&#8211; Posts 100 x 100 mm<br \/>\n&#8211; Beams 100 x 100 mm<br \/>\n&#8211; 70 mm double skin steel roof panels insulated with<br \/>\n40 kg\/m3 polyurethane<br \/>\n&#8211; Water flows through the corners of the roof<br \/>\n&#8211; Painting Label Qualicoat \/ Qualimarine \/ Qualanod<\/p>","protected":false},"featured_media":881,"comment_status":"open","ping_status":"closed","template":"","meta":{"om_disable_all_campaigns":false,"_monsterinsights_skip_tracking":false,"_monsterinsights_sitenote_active":false,"_monsterinsights_sitenote_note":"","_monsterinsights_sitenote_category":0,"site-sidebar-layout":"default","site-content-layout":"","ast-site-content-layout":"default","site-content-style":"default","site-sidebar-style":"default","ast-global-header-display":"","ast-banner-title-visibility":"","ast-main-header-display":"","ast-hfb-above-header-display":"","ast-hfb-below-header-display":"","ast-hfb-mobile-header-display":"","site-post-title":"","ast-breadcrumbs-content":"","ast-featured-img":"","footer-sml-layout":"","theme-transparent-header-meta":"default","adv-header-id-meta":"","stick-header-meta":"","header-above-stick-meta":"","header-main-stick-meta":"","header-below-stick-meta":"","astra-migrate-meta-layouts":"set","ast-page-background-enabled":"default","ast-page-background-meta":{"desktop":{"background-color":"var(--ast-global-color-4)","background-image":"","background-repeat":"repeat","background-position":"center center","background-size":"auto","background-attachment":"scroll","background-type":"","background-media":"","overlay-type":"","overlay-color":"","overlay-opacity":"","overlay-gradient":""},"tablet":{"background-color":"","background-image":"","background-repeat":"repeat","background-position":"center center","background-size":"auto","background-attachment":"scroll","background-type":"","background-media":"","overlay-type":"","overlay-color":"","overlay-opacity":"","overlay-gradient":""},"mobile":{"background-color":"","background-image":"","background-repeat":"repeat","background-position":"center center","background-size":"auto","background-attachment":"scroll","background-type":"","background-media":"","overlay-type":"","overlay-color":"","overlay-opacity":"","overlay-gradient":""}},"ast-content-background-meta":{"desktop":{"background-color":"var(--ast-global-color-5)","background-image":"","background-repeat":"repeat","background-position":"center center","background-size":"auto","background-attachment":"scroll","background-type":"","background-media":"","overlay-type":"","overlay-color":"","overlay-opacity":"","overlay-gradient":""},"tablet":{"background-color":"var(--ast-global-color-5)","background-image":"","background-repeat":"repeat","background-position":"center center","background-size":"auto","background-attachment":"scroll","background-type":"","background-media":"","overlay-type":"","overlay-color":"","overlay-opacity":"","overlay-gradient":""},"mobile":{"background-color":"var(--ast-global-color-5)","background-image":"","background-repeat":"repeat","background-position":"center center","background-size":"auto","background-attachment":"scroll","background-type":"","background-media":"","overlay-type":"","overlay-color":"","overlay-opacity":"","overlay-gradient":""}}},"product_brand":[],"product_cat":[26,34],"product_tag":[],"class_list":{"0":"post-878","1":"product","2":"type-product","3":"status-publish","4":"has-post-thumbnail","6":"product_cat-abri-shelter","7":"product_cat-car-shelter","8":"tm-no-options","9":"desktop-align-left","10":"tablet-align-left","11":"mobile-align-left","13":"first","14":"instock","15":"shipping-taxable","16":"product-type-simple"},"aioseo_notices":[],"tiered_pricing_type":"fixed","tiered_pricing_fixed_rules":[],"tiered_pricing_product_settings":{"layout":"default","base_unit_name":{"singular":null,"plural":null},"default_variation":null},"tiered_pricing_minimum_quantity":1,"tiered_pricing_roles_data":[],"tiered_pricing_percentage_rules":[],"_links":{"self":[{"href":"https:\/\/pergolaprestige.ch\/en\/wp-json\/wp\/v2\/product\/878"}],"collection":[{"href":"https:\/\/pergolaprestige.ch\/en\/wp-json\/wp\/v2\/product"}],"about":[{"href":"https:\/\/pergolaprestige.ch\/en\/wp-json\/wp\/v2\/types\/product"}],"replies":[{"embeddable":true,"href":"https:\/\/pergolaprestige.ch\/en\/wp-json\/wp\/v2\/comments?post=878"}],"version-history":[{"count":1,"href":"https:\/\/pergolaprestige.ch\/en\/wp-json\/wp\/v2\/product\/878\/revisions"}],"predecessor-version":[{"id":1082,"href":"https:\/\/pergolaprestige.ch\/en\/wp-json\/wp\/v2\/product\/878\/revisions\/1082"}],"wp:featuredmedia":[{"embeddable":true,"href":"https:\/\/pergolaprestige.ch\/en\/wp-json\/wp\/v2\/media\/881"}],"wp:attachment":[{"href":"https:\/\/pergolaprestige.ch\/en\/wp-json\/wp\/v2\/media?parent=878"}],"wp:term":[{"taxonomy":"product_brand","embeddable":true,"href":"https:\/\/pergolaprestige.ch\/en\/wp-json\/wp\/v2\/product_brand?post=878"},{"taxonomy":"product_cat","embeddable":true,"href":"https:\/\/pergolaprestige.ch\/en\/wp-json\/wp\/v2\/product_cat?post=878"},{"taxonomy":"product_tag","embeddable":true,"href":"https:\/\/pergolaprestige.ch\/en\/wp-json\/wp\/v2\/product_tag?post=878"}],"curies":[{"name":"wp","href":"https:\/\/api.w.org\/{rel}","templated":true}]}}