{"id":813,"date":"2024-07-26T12:20:23","date_gmt":"2024-07-26T12:20:23","guid":{"rendered":"https:\/\/pergolaprestige.ch\/?post_type=product&#038;p=813"},"modified":"2024-09-24T09:04:39","modified_gmt":"2024-09-24T09:04:39","slug":"carport-acier","status":"publish","type":"product","link":"https:\/\/pergolaprestige.ch\/en\/product\/carport-acier\/","title":{"rendered":"STEEL CARPORT"},"content":{"rendered":"<p><img fetchpriority=\"high\" decoding=\"async\" class=\"alignnone wp-image-818\" src=\"https:\/\/pergolaprestige.ch\/wp-content\/uploads\/2024\/07\/CARPORT-ACIER-642-price-list--300x98.png\" alt=\"\" width=\"1451\" height=\"474\" srcset=\"https:\/\/pergolaprestige.ch\/wp-content\/uploads\/2024\/07\/CARPORT-ACIER-642-price-list--300x98.png 300w, https:\/\/pergolaprestige.ch\/wp-content\/uploads\/2024\/07\/CARPORT-ACIER-642-price-list--1024x335.png 1024w, https:\/\/pergolaprestige.ch\/wp-content\/uploads\/2024\/07\/CARPORT-ACIER-642-price-list--768x251.png 768w, https:\/\/pergolaprestige.ch\/wp-content\/uploads\/2024\/07\/CARPORT-ACIER-642-price-list--600x196.png 600w, https:\/\/pergolaprestige.ch\/wp-content\/uploads\/2024\/07\/CARPORT-ACIER-642-price-list-.png 1078w\" sizes=\"(max-width: 1451px) 100vw, 1451px\" \/><\/p>\n<p>&nbsp;<\/p>","protected":false},"excerpt":{"rendered":"<h2>Caract\u00e9ristiques | Characteristics<\/h2>\n<p>&#8211; Structure du bati en acier, poteaux 100x100mm<br \/>\n-Panneaux de toiture double peaux acier 70 mm isol\u00e9 avec polyur\u00e9thane 40kg\/m3<br \/>\n&#8211; Ecoulement de l&rsquo;eau par les goutti\u00e8res p\u00e9riph\u00e9riques aluminium, sortie d&rsquo;eau dans les angles<br \/>\nCAR SHELTER<br \/>\nCharacteristics<br \/>\n&#8211; Steel frame structure, 100x100mm posts<br \/>\n-70 mm double skin steel roof panels insulated with 40 kg\/m3 polyurethane<br \/>\n&#8211; Water flow through peripheral aluminum gutters, water outlet in the corners<\/p>","protected":false},"featured_media":817,"comment_status":"open","ping_status":"closed","template":"","meta":{"om_disable_all_campaigns":false,"_monsterinsights_skip_tracking":false,"_monsterinsights_sitenote_active":false,"_monsterinsights_sitenote_note":"","_monsterinsights_sitenote_category":0,"site-sidebar-layout":"default","site-content-layout":"","ast-site-content-layout":"default","site-content-style":"default","site-sidebar-style":"default","ast-global-header-display":"","ast-banner-title-visibility":"","ast-main-header-display":"","ast-hfb-above-header-display":"","ast-hfb-below-header-display":"","ast-hfb-mobile-header-display":"","site-post-title":"","ast-breadcrumbs-content":"","ast-featured-img":"","footer-sml-layout":"","theme-transparent-header-meta":"default","adv-header-id-meta":"","stick-header-meta":"","header-above-stick-meta":"","header-main-stick-meta":"","header-below-stick-meta":"","astra-migrate-meta-layouts":"set","ast-page-background-enabled":"default","ast-page-background-meta":{"desktop":{"background-color":"var(--ast-global-color-4)","background-image":"","background-repeat":"repeat","background-position":"center center","background-size":"auto","background-attachment":"scroll","background-type":"","background-media":"","overlay-type":"","overlay-color":"","overlay-opacity":"","overlay-gradient":""},"tablet":{"background-color":"","background-image":"","background-repeat":"repeat","background-position":"center center","background-size":"auto","background-attachment":"scroll","background-type":"","background-media":"","overlay-type":"","overlay-color":"","overlay-opacity":"","overlay-gradient":""},"mobile":{"background-color":"","background-image":"","background-repeat":"repeat","background-position":"center center","background-size":"auto","background-attachment":"scroll","background-type":"","background-media":"","overlay-type":"","overlay-color":"","overlay-opacity":"","overlay-gradient":""}},"ast-content-background-meta":{"desktop":{"background-color":"var(--ast-global-color-5)","background-image":"","background-repeat":"repeat","background-position":"center center","background-size":"auto","background-attachment":"scroll","background-type":"","background-media":"","overlay-type":"","overlay-color":"","overlay-opacity":"","overlay-gradient":""},"tablet":{"background-color":"var(--ast-global-color-5)","background-image":"","background-repeat":"repeat","background-position":"center center","background-size":"auto","background-attachment":"scroll","background-type":"","background-media":"","overlay-type":"","overlay-color":"","overlay-opacity":"","overlay-gradient":""},"mobile":{"background-color":"var(--ast-global-color-5)","background-image":"","background-repeat":"repeat","background-position":"center center","background-size":"auto","background-attachment":"scroll","background-type":"","background-media":"","overlay-type":"","overlay-color":"","overlay-opacity":"","overlay-gradient":""}}},"product_brand":[],"product_cat":[26,34],"product_tag":[],"class_list":{"0":"post-813","1":"product","2":"type-product","3":"status-publish","4":"has-post-thumbnail","6":"product_cat-abri-shelter","7":"product_cat-car-shelter","8":"tm-no-options","9":"desktop-align-left","10":"tablet-align-left","11":"mobile-align-left","13":"first","14":"instock","15":"shipping-taxable","16":"product-type-simple"},"aioseo_notices":[],"tiered_pricing_type":"fixed","tiered_pricing_fixed_rules":[],"tiered_pricing_product_settings":{"layout":"default","base_unit_name":{"singular":null,"plural":null},"default_variation":null},"tiered_pricing_minimum_quantity":1,"tiered_pricing_roles_data":[],"tiered_pricing_percentage_rules":[],"_links":{"self":[{"href":"https:\/\/pergolaprestige.ch\/en\/wp-json\/wp\/v2\/product\/813"}],"collection":[{"href":"https:\/\/pergolaprestige.ch\/en\/wp-json\/wp\/v2\/product"}],"about":[{"href":"https:\/\/pergolaprestige.ch\/en\/wp-json\/wp\/v2\/types\/product"}],"replies":[{"embeddable":true,"href":"https:\/\/pergolaprestige.ch\/en\/wp-json\/wp\/v2\/comments?post=813"}],"version-history":[{"count":2,"href":"https:\/\/pergolaprestige.ch\/en\/wp-json\/wp\/v2\/product\/813\/revisions"}],"predecessor-version":[{"id":1087,"href":"https:\/\/pergolaprestige.ch\/en\/wp-json\/wp\/v2\/product\/813\/revisions\/1087"}],"wp:featuredmedia":[{"embeddable":true,"href":"https:\/\/pergolaprestige.ch\/en\/wp-json\/wp\/v2\/media\/817"}],"wp:attachment":[{"href":"https:\/\/pergolaprestige.ch\/en\/wp-json\/wp\/v2\/media?parent=813"}],"wp:term":[{"taxonomy":"product_brand","embeddable":true,"href":"https:\/\/pergolaprestige.ch\/en\/wp-json\/wp\/v2\/product_brand?post=813"},{"taxonomy":"product_cat","embeddable":true,"href":"https:\/\/pergolaprestige.ch\/en\/wp-json\/wp\/v2\/product_cat?post=813"},{"taxonomy":"product_tag","embeddable":true,"href":"https:\/\/pergolaprestige.ch\/en\/wp-json\/wp\/v2\/product_tag?post=813"}],"curies":[{"name":"wp","href":"https:\/\/api.w.org\/{rel}","templated":true}]}}