{"id":808,"date":"2024-07-26T12:23:30","date_gmt":"2024-07-26T12:23:30","guid":{"rendered":"https:\/\/pergolaprestige.ch\/?post_type=product&#038;p=808"},"modified":"2024-09-24T09:02:18","modified_gmt":"2024-09-24T09:02:18","slug":"fermeture-eclair-a-laveugle-verticale","status":"publish","type":"product","link":"https:\/\/pergolaprestige.ch\/en\/product\/fermeture-eclair-a-laveugle-verticale\/","title":{"rendered":"Vertical blind zipper"},"content":{"rendered":"<h2><img fetchpriority=\"high\" decoding=\"async\" class=\"alignnone wp-image-815\" src=\"https:\/\/pergolaprestige.ch\/wp-content\/uploads\/2024\/07\/823-300x137.png\" alt=\"\" width=\"1338\" height=\"611\" srcset=\"https:\/\/pergolaprestige.ch\/wp-content\/uploads\/2024\/07\/823-300x137.png 300w, https:\/\/pergolaprestige.ch\/wp-content\/uploads\/2024\/07\/823-1024x467.png 1024w, https:\/\/pergolaprestige.ch\/wp-content\/uploads\/2024\/07\/823-768x350.png 768w, https:\/\/pergolaprestige.ch\/wp-content\/uploads\/2024\/07\/823-600x273.png 600w, https:\/\/pergolaprestige.ch\/wp-content\/uploads\/2024\/07\/823.png 1071w\" sizes=\"(max-width: 1338px) 100vw, 1338px\" \/><\/h2>\n<p>&nbsp;<\/p>\n<p>&nbsp;<\/p>","protected":false},"excerpt":{"rendered":"<h2>Caract\u00e9ristiques | Characteristics<\/h2>\n<p>&#8211; Syst\u00e8me \u00e9l\u00e9gant sp\u00e9cialement con\u00e7u pour que le tissu ne glisse pas hors des guides, gr\u00e2ce<br \/>\n\u00e0 sa fermeture<br \/>\n&#8211; Adapt\u00e9 aux ext\u00e9rieurs, balcons, fa\u00e7ades et pergolas, sa fonction principale est de r\u00e9duire la<br \/>\ntemp\u00e9rature et de couvrir les c\u00f4t\u00e9s des pergolas<br \/>\n&#8211; Id\u00e9al pour les petites et grandes longueurs<br \/>\n&#8211; Les guides incorporant une fermeture lat\u00e9rale maintiennent la toile plus stable et son<br \/>\nfonctionnement plus pr\u00e9cis, offrant ainsi une plus grande r\u00e9sistance au vent<br \/>\n&#8211; Offre efficacit\u00e9, robustesse, s\u00e9curit\u00e9 et fiabilit\u00e9<br \/>\n&#8211; Design simple et fonctionnelle<br \/>\n&#8211; R\u00e9duction des prises d&rsquo;air et de la luminosit\u00e9<br \/>\n&#8211; \u00c9tiquette Qualicoat \/ Qualimarine \/ Qualanod<br \/>\n&#8211; Axe en acier galvanis\u00e9<br \/>\n&#8211; Traverse finale avec poids int\u00e9rieur pour faciliter la descente<br \/>\n&#8211; Motorisation NFI et r\u00e9cepteur radio avec sa t\u00e9l\u00e9commande multicanaux<br \/>\n&#8211; Aluminium 100% recyclable<br \/>\n&#8211; Elegant system specially designed so that the fabric does not slip out of the guides, thanks<br \/>\nto its closure<br \/>\n&#8211; Suitable for exteriors, balconies, facades and pergolas, its main function is to reduce the<br \/>\ntemperature and cover the sides of the pergolas<br \/>\n&#8211; Ideal for short and long lengths<br \/>\n&#8211; The guides incorporating a side closure keep the canvas more stable and its operation<br \/>\nmore precise, thus offering greater resistance to the wind<br \/>\n&#8211; Offers efficiency, robustness, safety and reliability<br \/>\n&#8211; Simple and functional design<br \/>\n&#8211; Reduction of air intakes and luminosity<br \/>\n&#8211; Qualicoat \/ Qualimarine \/ Qualanod label<br \/>\n&#8211; Galvanized steel axis<br \/>\n&#8211; Final crossbar with internal weight to facilitate the descent<br \/>\n&#8211; NFI motorization and radio receiver with its multi-channel remote control<br \/>\n&#8211; 100% recyclable aluminum<\/p>\n<p>Toile | Fabric<\/p>\n<p>&#8211; Excellente protection contre la chaleur : jusqu&rsquo;\u00e0 96 % de l&rsquo;\u00e9nergie solaire rejet\u00e9e en<br \/>\napplication ext\u00e9rieure (gtot = 0,04 \/ vitrage g = 0,32 et U = 1,1 W\/m\u00b2K), classe de confort 4<br \/>\n(tr\u00e8s bon effet) selon la norme EN 14501<br \/>\n&#8211; Tr\u00e8s bonne ma\u00eetrise de l&rsquo;\u00e9blouissement gr\u00e2ce \u00e0 son tissage satin\u00e9 en diagonale, tout en<br \/>\noptimisant l&rsquo;apport de lumi\u00e8re naturelle : jusqu&rsquo;\u00e0 96 % des rayons lumineux filtr\u00e9s (Tv = 4<br \/>\n%), classe de confort 3 (bon effet) selon la norme EN 14501<br \/>\n&#8211; Transparence : nette vision vers l&rsquo;ext\u00e9rieur<br \/>\n&#8211; \u00c9conomique : 4 largeurs (2000, 2500, 2850 et 3200 mm) pour optimiser la confection des<br \/>\ntoiles et diminuer le taux de chute de tissus<br \/>\n&#8211; Parfaite ad\u00e9quation aux m\u00e9canismes avec coulisses lat\u00e9rales de type ZIP<br \/>\n&#8211; R\u00e9siste aux intemp\u00e9ries et \u00e0 la d\u00e9coloration due aux UV<br \/>\n&#8211; Stabilit\u00e9 dimensionnelle, durabilit\u00e9 (10.000 cycles, classe 3 NF EN 13561), r\u00e9sistance<br \/>\nm\u00e9canique : une plan\u00e9it\u00e9 parfaite m\u00eame en grande dimension<br \/>\n&#8211; Sant\u00e9 \/ S\u00e9curit\u00e9 : r\u00e9pondent aux exigences des \u00e9tablissements recevant du public<br \/>\n&#8211; Excellent heat protection: up to 96% of solar energy rejected in external application (gtot<br \/>\n= 0.04 \/ glazing g = 0.32 and U = 1.1 W\/m\u00b2K), comfort class 4 (very good effect) according to<br \/>\nEN 14501 standard<br \/>\n&#8211; Very good glare control thanks to its diagonal satin weave, while optimizing the intake of<br \/>\nnatural light: up to 96% of light rays filtered (Tv = 4%), comfort class 3 (good effect)<br \/>\naccording to EN 14501 standard<br \/>\n&#8211; Transparency: clear view to the outside<br \/>\n&#8211; Economical: 4 widths (2000, 2500, 2850, and 3200 mm) to optimize fabric making and<br \/>\nreduce fabric waste<br \/>\n&#8211; Perfectly suited to ZIP-type side guide mechanisms<br \/>\n&#8211; Weather resistant and UV fading resistant<br \/>\n&#8211; Dimensional stability, durability (10,000 cycles, class 3 NF EN 13561), mechanical<br \/>\nresistance: perfect flatness even in large dimensions<br \/>\n&#8211; Health \/ Safety: meets the requirements of establishments open to the public<\/p>","protected":false},"featured_media":811,"comment_status":"open","ping_status":"closed","template":"","meta":{"om_disable_all_campaigns":false,"_monsterinsights_skip_tracking":false,"_monsterinsights_sitenote_active":false,"_monsterinsights_sitenote_note":"","_monsterinsights_sitenote_category":0,"site-sidebar-layout":"default","site-content-layout":"","ast-site-content-layout":"default","site-content-style":"default","site-sidebar-style":"default","ast-global-header-display":"","ast-banner-title-visibility":"","ast-main-header-display":"","ast-hfb-above-header-display":"","ast-hfb-below-header-display":"","ast-hfb-mobile-header-display":"","site-post-title":"","ast-breadcrumbs-content":"","ast-featured-img":"","footer-sml-layout":"","theme-transparent-header-meta":"default","adv-header-id-meta":"","stick-header-meta":"","header-above-stick-meta":"","header-main-stick-meta":"","header-below-stick-meta":"","astra-migrate-meta-layouts":"set","ast-page-background-enabled":"default","ast-page-background-meta":{"desktop":{"background-color":"var(--ast-global-color-4)","background-image":"","background-repeat":"repeat","background-position":"center center","background-size":"auto","background-attachment":"scroll","background-type":"","background-media":"","overlay-type":"","overlay-color":"","overlay-opacity":"","overlay-gradient":""},"tablet":{"background-color":"","background-image":"","background-repeat":"repeat","background-position":"center center","background-size":"auto","background-attachment":"scroll","background-type":"","background-media":"","overlay-type":"","overlay-color":"","overlay-opacity":"","overlay-gradient":""},"mobile":{"background-color":"","background-image":"","background-repeat":"repeat","background-position":"center center","background-size":"auto","background-attachment":"scroll","background-type":"","background-media":"","overlay-type":"","overlay-color":"","overlay-opacity":"","overlay-gradient":""}},"ast-content-background-meta":{"desktop":{"background-color":"var(--ast-global-color-5)","background-image":"","background-repeat":"repeat","background-position":"center center","background-size":"auto","background-attachment":"scroll","background-type":"","background-media":"","overlay-type":"","overlay-color":"","overlay-opacity":"","overlay-gradient":""},"tablet":{"background-color":"var(--ast-global-color-5)","background-image":"","background-repeat":"repeat","background-position":"center center","background-size":"auto","background-attachment":"scroll","background-type":"","background-media":"","overlay-type":"","overlay-color":"","overlay-opacity":"","overlay-gradient":""},"mobile":{"background-color":"var(--ast-global-color-5)","background-image":"","background-repeat":"repeat","background-position":"center center","background-size":"auto","background-attachment":"scroll","background-type":"","background-media":"","overlay-type":"","overlay-color":"","overlay-opacity":"","overlay-gradient":""}}},"product_brand":[],"product_cat":[27,42],"product_tag":[],"class_list":{"0":"post-808","1":"product","2":"type-product","3":"status-publish","4":"has-post-thumbnail","6":"product_cat-pergola","7":"product_cat-store-vertical-zip","8":"tm-no-options","9":"desktop-align-left","10":"tablet-align-left","11":"mobile-align-left","13":"first","14":"instock","15":"shipping-taxable","16":"product-type-simple"},"aioseo_notices":[],"tiered_pricing_type":"fixed","tiered_pricing_fixed_rules":[],"tiered_pricing_product_settings":{"layout":"default","base_unit_name":{"singular":null,"plural":null},"default_variation":null},"tiered_pricing_minimum_quantity":1,"tiered_pricing_roles_data":[],"tiered_pricing_percentage_rules":[],"_links":{"self":[{"href":"https:\/\/pergolaprestige.ch\/en\/wp-json\/wp\/v2\/product\/808"}],"collection":[{"href":"https:\/\/pergolaprestige.ch\/en\/wp-json\/wp\/v2\/product"}],"about":[{"href":"https:\/\/pergolaprestige.ch\/en\/wp-json\/wp\/v2\/types\/product"}],"replies":[{"embeddable":true,"href":"https:\/\/pergolaprestige.ch\/en\/wp-json\/wp\/v2\/comments?post=808"}],"version-history":[{"count":2,"href":"https:\/\/pergolaprestige.ch\/en\/wp-json\/wp\/v2\/product\/808\/revisions"}],"predecessor-version":[{"id":1086,"href":"https:\/\/pergolaprestige.ch\/en\/wp-json\/wp\/v2\/product\/808\/revisions\/1086"}],"wp:featuredmedia":[{"embeddable":true,"href":"https:\/\/pergolaprestige.ch\/en\/wp-json\/wp\/v2\/media\/811"}],"wp:attachment":[{"href":"https:\/\/pergolaprestige.ch\/en\/wp-json\/wp\/v2\/media?parent=808"}],"wp:term":[{"taxonomy":"product_brand","embeddable":true,"href":"https:\/\/pergolaprestige.ch\/en\/wp-json\/wp\/v2\/product_brand?post=808"},{"taxonomy":"product_cat","embeddable":true,"href":"https:\/\/pergolaprestige.ch\/en\/wp-json\/wp\/v2\/product_cat?post=808"},{"taxonomy":"product_tag","embeddable":true,"href":"https:\/\/pergolaprestige.ch\/en\/wp-json\/wp\/v2\/product_tag?post=808"}],"curies":[{"name":"wp","href":"https:\/\/api.w.org\/{rel}","templated":true}]}}