{"id":795,"date":"2024-07-26T12:14:21","date_gmt":"2024-07-26T12:14:21","guid":{"rendered":"https:\/\/pergolaprestige.ch\/?post_type=product&#038;p=795"},"modified":"2024-09-24T09:06:35","modified_gmt":"2024-09-24T09:06:35","slug":"store-vertical","status":"publish","type":"product","link":"https:\/\/pergolaprestige.ch\/en\/product\/store-vertical\/","title":{"rendered":"STORE VERTICAL"},"content":{"rendered":"<h2><img fetchpriority=\"high\" decoding=\"async\" class=\"alignnone wp-image-806\" src=\"https:\/\/pergolaprestige.ch\/wp-content\/uploads\/2024\/07\/919-300x161.png\" alt=\"\" width=\"1345\" height=\"722\" srcset=\"https:\/\/pergolaprestige.ch\/wp-content\/uploads\/2024\/07\/919-300x161.png 300w, https:\/\/pergolaprestige.ch\/wp-content\/uploads\/2024\/07\/919-1024x549.png 1024w, https:\/\/pergolaprestige.ch\/wp-content\/uploads\/2024\/07\/919-768x412.png 768w, https:\/\/pergolaprestige.ch\/wp-content\/uploads\/2024\/07\/919-600x322.png 600w, https:\/\/pergolaprestige.ch\/wp-content\/uploads\/2024\/07\/919.png 1054w\" sizes=\"(max-width: 1345px) 100vw, 1345px\" \/><\/h2>\n<p>&nbsp;<\/p>","protected":false},"excerpt":{"rendered":"<h2>Caract\u00e9ristiques | Characteristics<\/h2>\n<p>&#8211; Store vertical avec caisson et coulisse aluminium<br \/>\n&#8211; Laquage label Qualicoat \/ Qualimarine \/ Qualanod<br \/>\n&#8211; Axe en acier galvanis\u00e9<br \/>\n&#8211; Lame finale avec joint epdm<br \/>\n&#8211; Coulisse extrud\u00e9e avec joint brosse int\u00e9gr\u00e9e<br \/>\n&#8211; Motorisation NFI et r\u00e9cepteur radio avec sa t\u00e9l\u00e9commande<br \/>\nmulticanaux<br \/>\n&#8211; Aluminium 100% recyclable<br \/>\n&#8211; Toile polyester, PVC microprefor\u00e9 blanc ou gris anthracite<br \/>\n&#8211; Vertical blind with casing and aluminium rails<br \/>\n&#8211; Aluminum lacquered Qualicoat\/Qualimarine\/Qualanod<br \/>\n&#8211; Galvanized steel shaft<br \/>\n&#8211; Final slat with EPDM seal<br \/>\n&#8211; Guide rails extruded with integrated brush seals<br \/>\n&#8211; Motorization NFI with radio control and own multi-channel remote<br \/>\ncontrol<br \/>\n&#8211; 100% recyclable aluminum<br \/>\n&#8211; Polyester fabric, PVC microperforated white or grey anthracite<\/p>","protected":false},"featured_media":843,"comment_status":"open","ping_status":"closed","template":"","meta":{"om_disable_all_campaigns":false,"_monsterinsights_skip_tracking":false,"_monsterinsights_sitenote_active":false,"_monsterinsights_sitenote_note":"","_monsterinsights_sitenote_category":0,"site-sidebar-layout":"default","site-content-layout":"","ast-site-content-layout":"default","site-content-style":"default","site-sidebar-style":"default","ast-global-header-display":"","ast-banner-title-visibility":"","ast-main-header-display":"","ast-hfb-above-header-display":"","ast-hfb-below-header-display":"","ast-hfb-mobile-header-display":"","site-post-title":"","ast-breadcrumbs-content":"","ast-featured-img":"","footer-sml-layout":"","theme-transparent-header-meta":"default","adv-header-id-meta":"","stick-header-meta":"","header-above-stick-meta":"","header-main-stick-meta":"","header-below-stick-meta":"","astra-migrate-meta-layouts":"set","ast-page-background-enabled":"default","ast-page-background-meta":{"desktop":{"background-color":"var(--ast-global-color-4)","background-image":"","background-repeat":"repeat","background-position":"center center","background-size":"auto","background-attachment":"scroll","background-type":"","background-media":"","overlay-type":"","overlay-color":"","overlay-opacity":"","overlay-gradient":""},"tablet":{"background-color":"","background-image":"","background-repeat":"repeat","background-position":"center center","background-size":"auto","background-attachment":"scroll","background-type":"","background-media":"","overlay-type":"","overlay-color":"","overlay-opacity":"","overlay-gradient":""},"mobile":{"background-color":"","background-image":"","background-repeat":"repeat","background-position":"center center","background-size":"auto","background-attachment":"scroll","background-type":"","background-media":"","overlay-type":"","overlay-color":"","overlay-opacity":"","overlay-gradient":""}},"ast-content-background-meta":{"desktop":{"background-color":"var(--ast-global-color-5)","background-image":"","background-repeat":"repeat","background-position":"center center","background-size":"auto","background-attachment":"scroll","background-type":"","background-media":"","overlay-type":"","overlay-color":"","overlay-opacity":"","overlay-gradient":""},"tablet":{"background-color":"var(--ast-global-color-5)","background-image":"","background-repeat":"repeat","background-position":"center center","background-size":"auto","background-attachment":"scroll","background-type":"","background-media":"","overlay-type":"","overlay-color":"","overlay-opacity":"","overlay-gradient":""},"mobile":{"background-color":"var(--ast-global-color-5)","background-image":"","background-repeat":"repeat","background-position":"center center","background-size":"auto","background-attachment":"scroll","background-type":"","background-media":"","overlay-type":"","overlay-color":"","overlay-opacity":"","overlay-gradient":""}}},"product_brand":[],"product_cat":[27,41],"product_tag":[],"class_list":{"0":"post-795","1":"product","2":"type-product","3":"status-publish","4":"has-post-thumbnail","6":"product_cat-pergola","7":"product_cat-store-vertical","8":"tm-no-options","9":"desktop-align-left","10":"tablet-align-left","11":"mobile-align-left","13":"first","14":"instock","15":"shipping-taxable","16":"product-type-simple"},"aioseo_notices":[],"tiered_pricing_type":"fixed","tiered_pricing_fixed_rules":[],"tiered_pricing_product_settings":{"layout":"default","base_unit_name":{"singular":null,"plural":null},"default_variation":null},"tiered_pricing_minimum_quantity":1,"tiered_pricing_roles_data":[],"tiered_pricing_percentage_rules":[],"_links":{"self":[{"href":"https:\/\/pergolaprestige.ch\/en\/wp-json\/wp\/v2\/product\/795"}],"collection":[{"href":"https:\/\/pergolaprestige.ch\/en\/wp-json\/wp\/v2\/product"}],"about":[{"href":"https:\/\/pergolaprestige.ch\/en\/wp-json\/wp\/v2\/types\/product"}],"replies":[{"embeddable":true,"href":"https:\/\/pergolaprestige.ch\/en\/wp-json\/wp\/v2\/comments?post=795"}],"version-history":[{"count":2,"href":"https:\/\/pergolaprestige.ch\/en\/wp-json\/wp\/v2\/product\/795\/revisions"}],"predecessor-version":[{"id":1088,"href":"https:\/\/pergolaprestige.ch\/en\/wp-json\/wp\/v2\/product\/795\/revisions\/1088"}],"wp:featuredmedia":[{"embeddable":true,"href":"https:\/\/pergolaprestige.ch\/en\/wp-json\/wp\/v2\/media\/843"}],"wp:attachment":[{"href":"https:\/\/pergolaprestige.ch\/en\/wp-json\/wp\/v2\/media?parent=795"}],"wp:term":[{"taxonomy":"product_brand","embeddable":true,"href":"https:\/\/pergolaprestige.ch\/en\/wp-json\/wp\/v2\/product_brand?post=795"},{"taxonomy":"product_cat","embeddable":true,"href":"https:\/\/pergolaprestige.ch\/en\/wp-json\/wp\/v2\/product_cat?post=795"},{"taxonomy":"product_tag","embeddable":true,"href":"https:\/\/pergolaprestige.ch\/en\/wp-json\/wp\/v2\/product_tag?post=795"}],"curies":[{"name":"wp","href":"https:\/\/api.w.org\/{rel}","templated":true}]}}