{"id":782,"date":"2024-07-26T12:03:20","date_gmt":"2024-07-26T12:03:20","guid":{"rendered":"https:\/\/pergolaprestige.ch\/?post_type=product&#038;p=782"},"modified":"2024-09-24T09:09:51","modified_gmt":"2024-09-24T09:09:51","slug":"easy-up-grandlux","status":"publish","type":"product","link":"https:\/\/pergolaprestige.ch\/en\/product\/easy-up-grandlux\/","title":{"rendered":"EASY UP GRANDLUX"},"content":{"rendered":"<h2><img fetchpriority=\"high\" decoding=\"async\" class=\"alignnone wp-image-789\" src=\"https:\/\/pergolaprestige.ch\/wp-content\/uploads\/2024\/07\/812-300x174.png\" alt=\"\" width=\"1352\" height=\"784\" srcset=\"https:\/\/pergolaprestige.ch\/wp-content\/uploads\/2024\/07\/812-300x174.png 300w, https:\/\/pergolaprestige.ch\/wp-content\/uploads\/2024\/07\/812-1024x593.png 1024w, https:\/\/pergolaprestige.ch\/wp-content\/uploads\/2024\/07\/812-768x445.png 768w, https:\/\/pergolaprestige.ch\/wp-content\/uploads\/2024\/07\/812-600x347.png 600w, https:\/\/pergolaprestige.ch\/wp-content\/uploads\/2024\/07\/812.png 1050w\" sizes=\"(max-width: 1352px) 100vw, 1352px\" \/> <img decoding=\"async\" class=\"alignnone wp-image-790\" src=\"https:\/\/pergolaprestige.ch\/wp-content\/uploads\/2024\/07\/813-300x199.png\" alt=\"\" width=\"1361\" height=\"903\" srcset=\"https:\/\/pergolaprestige.ch\/wp-content\/uploads\/2024\/07\/813-300x199.png 300w, https:\/\/pergolaprestige.ch\/wp-content\/uploads\/2024\/07\/813-1024x679.png 1024w, https:\/\/pergolaprestige.ch\/wp-content\/uploads\/2024\/07\/813-768x510.png 768w, https:\/\/pergolaprestige.ch\/wp-content\/uploads\/2024\/07\/813-600x398.png 600w, https:\/\/pergolaprestige.ch\/wp-content\/uploads\/2024\/07\/813.png 1061w\" sizes=\"(max-width: 1361px) 100vw, 1361px\" \/> <img decoding=\"async\" class=\"alignnone wp-image-791\" src=\"https:\/\/pergolaprestige.ch\/wp-content\/uploads\/2024\/07\/814-300x100.png\" alt=\"\" width=\"1338\" height=\"446\" srcset=\"https:\/\/pergolaprestige.ch\/wp-content\/uploads\/2024\/07\/814-300x100.png 300w, https:\/\/pergolaprestige.ch\/wp-content\/uploads\/2024\/07\/814-1024x341.png 1024w, https:\/\/pergolaprestige.ch\/wp-content\/uploads\/2024\/07\/814-768x256.png 768w, https:\/\/pergolaprestige.ch\/wp-content\/uploads\/2024\/07\/814-600x200.png 600w, https:\/\/pergolaprestige.ch\/wp-content\/uploads\/2024\/07\/814.png 1051w\" sizes=\"(max-width: 1338px) 100vw, 1338px\" \/> <img loading=\"lazy\" decoding=\"async\" class=\"alignnone wp-image-792\" src=\"https:\/\/pergolaprestige.ch\/wp-content\/uploads\/2024\/07\/815-300x97.png\" alt=\"\" width=\"1348\" height=\"436\" srcset=\"https:\/\/pergolaprestige.ch\/wp-content\/uploads\/2024\/07\/815-300x97.png 300w, https:\/\/pergolaprestige.ch\/wp-content\/uploads\/2024\/07\/815-1024x332.png 1024w, https:\/\/pergolaprestige.ch\/wp-content\/uploads\/2024\/07\/815-768x249.png 768w, https:\/\/pergolaprestige.ch\/wp-content\/uploads\/2024\/07\/815-600x195.png 600w, https:\/\/pergolaprestige.ch\/wp-content\/uploads\/2024\/07\/815.png 1060w\" sizes=\"(max-width: 1348px) 100vw, 1348px\" \/><\/h2>\n<p>&nbsp;<\/p>","protected":false},"excerpt":{"rendered":"<h2>Caract\u00e9ristiques | Characteristics<\/h2>\n<p>&#8211; Existe en adoss\u00e9 et autoportant<br \/>\n&#8211; Poteau 134 x 134 mm<br \/>\n&#8211; Poutre goutti\u00e8re 179 x 278 mm<br \/>\n&#8211; Aluminium thermolaqu\u00e9 Qualicoat \/ Qualimarine \/ Qualanod<br \/>\n&#8211; Lame double paroi 211 x 40 mm, cach\u00e9es dans la goutti\u00e8re<br \/>\n&#8211; Automatisme \u00e0 vis sans fin invisible<br \/>\n&#8211; Platine de fixation au sol<br \/>\n&#8211; Led int\u00e9gr\u00e9es en le 4 cot\u00e9s<br \/>\n&#8211; Vis de fixation fournies<br \/>\n&#8211; Bo\u00eeter de commande invisible avec t\u00e9l\u00e9commande et Application<br \/>\nmobile ( Android et Apple\u2019s IOS)<br \/>\n&#8211; Aluminium 100% RECYCLABLE<br \/>\n&#8211; Available in attached and freestanding versions<br \/>\n&#8211; Post 134 x 134 mm<br \/>\n&#8211; Gutter beam 179 x 278 mm<br \/>\n&#8211; Thermolacquered aluminum Qualicoat \/ Qualimarine \/ Qualanod<br \/>\n&#8211; Double-wall blade 211 x 40 mm, hidden in the gutter<br \/>\n&#8211; Invisible endless screw mechanism<br \/>\n&#8211; Ground fixing plate<br \/>\n&#8211; Integrated LEDs on all 4 sides<br \/>\n&#8211; Fixing screws provided<br \/>\n&#8211; Invisible control box with remote control and mobile application<br \/>\n( Android and Apple&rsquo;s iOS)<br \/>\n&#8211; 100% RECYCLABLE Aluminum<\/p>","protected":false},"featured_media":783,"comment_status":"open","ping_status":"closed","template":"","meta":{"om_disable_all_campaigns":false,"_monsterinsights_skip_tracking":false,"_monsterinsights_sitenote_active":false,"_monsterinsights_sitenote_note":"","_monsterinsights_sitenote_category":0,"site-sidebar-layout":"default","site-content-layout":"","ast-site-content-layout":"default","site-content-style":"default","site-sidebar-style":"default","ast-global-header-display":"","ast-banner-title-visibility":"","ast-main-header-display":"","ast-hfb-above-header-display":"","ast-hfb-below-header-display":"","ast-hfb-mobile-header-display":"","site-post-title":"","ast-breadcrumbs-content":"","ast-featured-img":"","footer-sml-layout":"","theme-transparent-header-meta":"default","adv-header-id-meta":"","stick-header-meta":"","header-above-stick-meta":"","header-main-stick-meta":"","header-below-stick-meta":"","astra-migrate-meta-layouts":"set","ast-page-background-enabled":"default","ast-page-background-meta":{"desktop":{"background-color":"var(--ast-global-color-4)","background-image":"","background-repeat":"repeat","background-position":"center center","background-size":"auto","background-attachment":"scroll","background-type":"","background-media":"","overlay-type":"","overlay-color":"","overlay-opacity":"","overlay-gradient":""},"tablet":{"background-color":"","background-image":"","background-repeat":"repeat","background-position":"center center","background-size":"auto","background-attachment":"scroll","background-type":"","background-media":"","overlay-type":"","overlay-color":"","overlay-opacity":"","overlay-gradient":""},"mobile":{"background-color":"","background-image":"","background-repeat":"repeat","background-position":"center center","background-size":"auto","background-attachment":"scroll","background-type":"","background-media":"","overlay-type":"","overlay-color":"","overlay-opacity":"","overlay-gradient":""}},"ast-content-background-meta":{"desktop":{"background-color":"var(--ast-global-color-5)","background-image":"","background-repeat":"repeat","background-position":"center center","background-size":"auto","background-attachment":"scroll","background-type":"","background-media":"","overlay-type":"","overlay-color":"","overlay-opacity":"","overlay-gradient":""},"tablet":{"background-color":"var(--ast-global-color-5)","background-image":"","background-repeat":"repeat","background-position":"center center","background-size":"auto","background-attachment":"scroll","background-type":"","background-media":"","overlay-type":"","overlay-color":"","overlay-opacity":"","overlay-gradient":""},"mobile":{"background-color":"var(--ast-global-color-5)","background-image":"","background-repeat":"repeat","background-position":"center center","background-size":"auto","background-attachment":"scroll","background-type":"","background-media":"","overlay-type":"","overlay-color":"","overlay-opacity":"","overlay-gradient":""}}},"product_brand":[],"product_cat":[27,40],"product_tag":[],"class_list":{"0":"post-782","1":"product","2":"type-product","3":"status-publish","4":"has-post-thumbnail","6":"product_cat-pergola","7":"product_cat-pergola-bioclimatic","8":"tm-no-options","9":"desktop-align-left","10":"tablet-align-left","11":"mobile-align-left","13":"first","14":"instock","15":"shipping-taxable","16":"product-type-simple"},"aioseo_notices":[],"tiered_pricing_type":"fixed","tiered_pricing_fixed_rules":[],"tiered_pricing_product_settings":{"layout":"default","base_unit_name":{"singular":null,"plural":null},"default_variation":null},"tiered_pricing_minimum_quantity":1,"tiered_pricing_roles_data":[],"tiered_pricing_percentage_rules":[],"_links":{"self":[{"href":"https:\/\/pergolaprestige.ch\/en\/wp-json\/wp\/v2\/product\/782"}],"collection":[{"href":"https:\/\/pergolaprestige.ch\/en\/wp-json\/wp\/v2\/product"}],"about":[{"href":"https:\/\/pergolaprestige.ch\/en\/wp-json\/wp\/v2\/types\/product"}],"replies":[{"embeddable":true,"href":"https:\/\/pergolaprestige.ch\/en\/wp-json\/wp\/v2\/comments?post=782"}],"version-history":[{"count":2,"href":"https:\/\/pergolaprestige.ch\/en\/wp-json\/wp\/v2\/product\/782\/revisions"}],"predecessor-version":[{"id":1090,"href":"https:\/\/pergolaprestige.ch\/en\/wp-json\/wp\/v2\/product\/782\/revisions\/1090"}],"wp:featuredmedia":[{"embeddable":true,"href":"https:\/\/pergolaprestige.ch\/en\/wp-json\/wp\/v2\/media\/783"}],"wp:attachment":[{"href":"https:\/\/pergolaprestige.ch\/en\/wp-json\/wp\/v2\/media?parent=782"}],"wp:term":[{"taxonomy":"product_brand","embeddable":true,"href":"https:\/\/pergolaprestige.ch\/en\/wp-json\/wp\/v2\/product_brand?post=782"},{"taxonomy":"product_cat","embeddable":true,"href":"https:\/\/pergolaprestige.ch\/en\/wp-json\/wp\/v2\/product_cat?post=782"},{"taxonomy":"product_tag","embeddable":true,"href":"https:\/\/pergolaprestige.ch\/en\/wp-json\/wp\/v2\/product_tag?post=782"}],"curies":[{"name":"wp","href":"https:\/\/api.w.org\/{rel}","templated":true}]}}