{"id":771,"date":"2024-07-26T11:49:14","date_gmt":"2024-07-26T11:49:14","guid":{"rendered":"https:\/\/pergolaprestige.ch\/?post_type=product&#038;p=771"},"modified":"2024-09-24T09:26:43","modified_gmt":"2024-09-24T09:26:43","slug":"carport-titanium","status":"publish","type":"product","link":"https:\/\/pergolaprestige.ch\/en\/product\/carport-titanium\/","title":{"rendered":"Carport Titanium"},"content":{"rendered":"<p><img fetchpriority=\"high\" decoding=\"async\" class=\"alignnone wp-image-772\" src=\"https:\/\/pergolaprestige.ch\/wp-content\/uploads\/2024\/07\/CARPORT-TITANIUM-price-300x115.png\" alt=\"\" width=\"1555\" height=\"596\" srcset=\"https:\/\/pergolaprestige.ch\/wp-content\/uploads\/2024\/07\/CARPORT-TITANIUM-price-300x115.png 300w, https:\/\/pergolaprestige.ch\/wp-content\/uploads\/2024\/07\/CARPORT-TITANIUM-price-1024x392.png 1024w, https:\/\/pergolaprestige.ch\/wp-content\/uploads\/2024\/07\/CARPORT-TITANIUM-price-768x294.png 768w, https:\/\/pergolaprestige.ch\/wp-content\/uploads\/2024\/07\/CARPORT-TITANIUM-price-600x230.png 600w, https:\/\/pergolaprestige.ch\/wp-content\/uploads\/2024\/07\/CARPORT-TITANIUM-price.png 1087w\" sizes=\"(max-width: 1555px) 100vw, 1555px\" \/><\/p>\n<p>&nbsp;<\/p>","protected":false},"excerpt":{"rendered":"<h2>Caract\u00e9ristiques | Characteristics<\/h2>\n<p>&#8211; Existe en adoss\u00e9 et autoportant<br \/>\n&#8211; Poteau 220 x 220 mm<br \/>\n&#8211; Poutre goutti\u00e8re 265 x 300 mm<br \/>\n&#8211; Lame 224 x 50 mm double parois<br \/>\n&#8211; Option de LED int\u00e9gr\u00e9es dans les lames<br \/>\n&#8211; Ouverture de la lame \u00e0 140\u00ba<br \/>\n&#8211; Automatisme \u00e0 vis sans fin cach\u00e9<br \/>\n&#8211; Aluminium thermolaqu\u00e9 Qualicoat \/ Qualimarine \/ Qualanod<br \/>\n&#8211; Platine de fixation au sol<br \/>\n&#8211; Vis de fixation fournies<br \/>\n&#8211; Led int\u00e9gr\u00e9es en p\u00e9riph\u00e9rie<br \/>\n&#8211; Bo\u00eeter de commande invisible avec t\u00e9l\u00e9commande et Application<br \/>\nmobile ( Android et Apple\u2019s IOS)<br \/>\n&#8211; Aluminium 100% RECYCLABLE<br \/>\n&#8211; Available in attached and freestanding versions<br \/>\n&#8211; Post 220 x 220 mm<br \/>\n&#8211; Gutter beam 265 x 300 mm<br \/>\n&#8211; Blade 224 x 50 mm double walls<br \/>\n&#8211; Option of integrated LEDs in the blades<br \/>\n&#8211; Blade opening at 140\u00ba<br \/>\n&#8211; Hidden endless screw mechanism<br \/>\n&#8211; Thermolacquered aluminum Qualicoat \/ Qualimarine \/ Qualanod<br \/>\n&#8211; Ground fixing plate<br \/>\n&#8211; Fixing screws provided<br \/>\n&#8211; Integrated LEDs around the perimeter<br \/>\n&#8211; Invisible control box with remote control and mobile application<br \/>\n( Android and Apple&rsquo;s iOS)<br \/>\n&#8211; 100% RECYCLABLE Aluminum<\/p>","protected":false},"featured_media":744,"comment_status":"open","ping_status":"closed","template":"","meta":{"om_disable_all_campaigns":false,"_monsterinsights_skip_tracking":false,"_monsterinsights_sitenote_active":false,"_monsterinsights_sitenote_note":"","_monsterinsights_sitenote_category":0,"site-sidebar-layout":"default","site-content-layout":"","ast-site-content-layout":"default","site-content-style":"default","site-sidebar-style":"default","ast-global-header-display":"","ast-banner-title-visibility":"","ast-main-header-display":"","ast-hfb-above-header-display":"","ast-hfb-below-header-display":"","ast-hfb-mobile-header-display":"","site-post-title":"","ast-breadcrumbs-content":"","ast-featured-img":"","footer-sml-layout":"","theme-transparent-header-meta":"default","adv-header-id-meta":"","stick-header-meta":"","header-above-stick-meta":"","header-main-stick-meta":"","header-below-stick-meta":"","astra-migrate-meta-layouts":"set","ast-page-background-enabled":"default","ast-page-background-meta":{"desktop":{"background-color":"var(--ast-global-color-4)","background-image":"","background-repeat":"repeat","background-position":"center center","background-size":"auto","background-attachment":"scroll","background-type":"","background-media":"","overlay-type":"","overlay-color":"","overlay-opacity":"","overlay-gradient":""},"tablet":{"background-color":"","background-image":"","background-repeat":"repeat","background-position":"center center","background-size":"auto","background-attachment":"scroll","background-type":"","background-media":"","overlay-type":"","overlay-color":"","overlay-opacity":"","overlay-gradient":""},"mobile":{"background-color":"","background-image":"","background-repeat":"repeat","background-position":"center center","background-size":"auto","background-attachment":"scroll","background-type":"","background-media":"","overlay-type":"","overlay-color":"","overlay-opacity":"","overlay-gradient":""}},"ast-content-background-meta":{"desktop":{"background-color":"var(--ast-global-color-5)","background-image":"","background-repeat":"repeat","background-position":"center center","background-size":"auto","background-attachment":"scroll","background-type":"","background-media":"","overlay-type":"","overlay-color":"","overlay-opacity":"","overlay-gradient":""},"tablet":{"background-color":"var(--ast-global-color-5)","background-image":"","background-repeat":"repeat","background-position":"center center","background-size":"auto","background-attachment":"scroll","background-type":"","background-media":"","overlay-type":"","overlay-color":"","overlay-opacity":"","overlay-gradient":""},"mobile":{"background-color":"var(--ast-global-color-5)","background-image":"","background-repeat":"repeat","background-position":"center center","background-size":"auto","background-attachment":"scroll","background-type":"","background-media":"","overlay-type":"","overlay-color":"","overlay-opacity":"","overlay-gradient":""}}},"product_brand":[],"product_cat":[26,34],"product_tag":[],"class_list":{"0":"post-771","1":"product","2":"type-product","3":"status-publish","4":"has-post-thumbnail","6":"product_cat-abri-shelter","7":"product_cat-car-shelter","8":"tm-no-options","9":"desktop-align-left","10":"tablet-align-left","11":"mobile-align-left","13":"first","14":"instock","15":"shipping-taxable","16":"product-type-simple"},"aioseo_notices":[],"tiered_pricing_type":"fixed","tiered_pricing_fixed_rules":[],"tiered_pricing_product_settings":{"layout":"default","base_unit_name":{"singular":null,"plural":null},"default_variation":null},"tiered_pricing_minimum_quantity":1,"tiered_pricing_roles_data":[],"tiered_pricing_percentage_rules":[],"_links":{"self":[{"href":"https:\/\/pergolaprestige.ch\/en\/wp-json\/wp\/v2\/product\/771"}],"collection":[{"href":"https:\/\/pergolaprestige.ch\/en\/wp-json\/wp\/v2\/product"}],"about":[{"href":"https:\/\/pergolaprestige.ch\/en\/wp-json\/wp\/v2\/types\/product"}],"replies":[{"embeddable":true,"href":"https:\/\/pergolaprestige.ch\/en\/wp-json\/wp\/v2\/comments?post=771"}],"version-history":[{"count":1,"href":"https:\/\/pergolaprestige.ch\/en\/wp-json\/wp\/v2\/product\/771\/revisions"}],"predecessor-version":[{"id":1093,"href":"https:\/\/pergolaprestige.ch\/en\/wp-json\/wp\/v2\/product\/771\/revisions\/1093"}],"wp:featuredmedia":[{"embeddable":true,"href":"https:\/\/pergolaprestige.ch\/en\/wp-json\/wp\/v2\/media\/744"}],"wp:attachment":[{"href":"https:\/\/pergolaprestige.ch\/en\/wp-json\/wp\/v2\/media?parent=771"}],"wp:term":[{"taxonomy":"product_brand","embeddable":true,"href":"https:\/\/pergolaprestige.ch\/en\/wp-json\/wp\/v2\/product_brand?post=771"},{"taxonomy":"product_cat","embeddable":true,"href":"https:\/\/pergolaprestige.ch\/en\/wp-json\/wp\/v2\/product_cat?post=771"},{"taxonomy":"product_tag","embeddable":true,"href":"https:\/\/pergolaprestige.ch\/en\/wp-json\/wp\/v2\/product_tag?post=771"}],"curies":[{"name":"wp","href":"https:\/\/api.w.org\/{rel}","templated":true}]}}