{"id":758,"date":"2024-07-26T11:37:33","date_gmt":"2024-07-26T11:37:33","guid":{"rendered":"https:\/\/pergolaprestige.ch\/?post_type=product&#038;p=758"},"modified":"2024-09-24T09:36:12","modified_gmt":"2024-09-24T09:36:12","slug":"sunrise-mono-pan","status":"publish","type":"product","link":"https:\/\/pergolaprestige.ch\/en\/product\/sunrise-mono-pan\/","title":{"rendered":"Sunrise mono pan"},"content":{"rendered":"<h2><img fetchpriority=\"high\" decoding=\"async\" class=\"alignnone wp-image-761\" src=\"https:\/\/pergolaprestige.ch\/wp-content\/uploads\/2024\/07\/SUNRISE-MONO-PAN-price--300x154.png\" alt=\"\" width=\"1397\" height=\"717\" srcset=\"https:\/\/pergolaprestige.ch\/wp-content\/uploads\/2024\/07\/SUNRISE-MONO-PAN-price--300x154.png 300w, https:\/\/pergolaprestige.ch\/wp-content\/uploads\/2024\/07\/SUNRISE-MONO-PAN-price--1024x526.png 1024w, https:\/\/pergolaprestige.ch\/wp-content\/uploads\/2024\/07\/SUNRISE-MONO-PAN-price--768x395.png 768w, https:\/\/pergolaprestige.ch\/wp-content\/uploads\/2024\/07\/SUNRISE-MONO-PAN-price--600x308.png 600w, https:\/\/pergolaprestige.ch\/wp-content\/uploads\/2024\/07\/SUNRISE-MONO-PAN-price-.png 1094w\" sizes=\"(max-width: 1397px) 100vw, 1397px\" \/><\/h2>\n<p>&nbsp;<\/p>","protected":false},"excerpt":{"rendered":"<h2>Features | Characteristics<\/h2>\n<p>-Existe en adoss\u00e9 et autoportant<br \/>\n&#8211; Carport pour grandes dimensions<br \/>\n&#8211; Poteau 220 x 220 mm<br \/>\n&#8211; Poutre de goutti\u00e8re 280 x 260 mm<br \/>\n&#8211; Aluminium peint par poudrage Qualicoat\/Qualimarine \/ Qualanod &#8211; Panneaux de toiture en<br \/>\nacier \u00e0 double paroi de 116 mm isol\u00e9 avec du polyur\u00e9thane de 40 kg\/m3, lisses \u00e0 l&rsquo;int\u00e9rieur et<br \/>\nondul\u00e9s \u00e0 l&rsquo;ext\u00e9rieur &#8211; Platine de fixation au sol<br \/>\n&#8211; Possibilit\u00e9 d&rsquo;avoir des LED int\u00e9gr\u00e9es dans la goutti\u00e8re<br \/>\n&#8211; Aluminium 100% RECYCLABLE<br \/>\nCAR SHELTER<br \/>\nCharacteristics<br \/>\n&#8211; Available as attached and freestanding versions &#8211; Carport for large dimensions<br \/>\n&#8211; Post 220 x 220 mm<br \/>\n&#8211; Gutter beam 280 x 260 mm<br \/>\n&#8211; Aluminum powder-coated Qualicoat \/ Qualimarine \/ Qualanod<br \/>\n&#8211; Roof panels made of double-wall steel 116 mm insulated with polyurethane of 40 kg\/m3,<br \/>\nsmooth on the inside and corrugated on the outside<br \/>\n-Ground fixing plate<br \/>\n&#8211; Possibility of integrated LED lights in the gutter<br \/>\n&#8211; 100% RECYCLABLE Aluminum<\/p>","protected":false},"featured_media":844,"comment_status":"open","ping_status":"closed","template":"","meta":{"om_disable_all_campaigns":false,"_monsterinsights_skip_tracking":false,"_monsterinsights_sitenote_active":false,"_monsterinsights_sitenote_note":"","_monsterinsights_sitenote_category":0,"site-sidebar-layout":"default","site-content-layout":"","ast-site-content-layout":"default","site-content-style":"default","site-sidebar-style":"default","ast-global-header-display":"","ast-banner-title-visibility":"","ast-main-header-display":"","ast-hfb-above-header-display":"","ast-hfb-below-header-display":"","ast-hfb-mobile-header-display":"","site-post-title":"","ast-breadcrumbs-content":"","ast-featured-img":"","footer-sml-layout":"","theme-transparent-header-meta":"default","adv-header-id-meta":"","stick-header-meta":"","header-above-stick-meta":"","header-main-stick-meta":"","header-below-stick-meta":"","astra-migrate-meta-layouts":"set","ast-page-background-enabled":"default","ast-page-background-meta":{"desktop":{"background-color":"var(--ast-global-color-4)","background-image":"","background-repeat":"repeat","background-position":"center center","background-size":"auto","background-attachment":"scroll","background-type":"","background-media":"","overlay-type":"","overlay-color":"","overlay-opacity":"","overlay-gradient":""},"tablet":{"background-color":"","background-image":"","background-repeat":"repeat","background-position":"center center","background-size":"auto","background-attachment":"scroll","background-type":"","background-media":"","overlay-type":"","overlay-color":"","overlay-opacity":"","overlay-gradient":""},"mobile":{"background-color":"","background-image":"","background-repeat":"repeat","background-position":"center center","background-size":"auto","background-attachment":"scroll","background-type":"","background-media":"","overlay-type":"","overlay-color":"","overlay-opacity":"","overlay-gradient":""}},"ast-content-background-meta":{"desktop":{"background-color":"var(--ast-global-color-5)","background-image":"","background-repeat":"repeat","background-position":"center center","background-size":"auto","background-attachment":"scroll","background-type":"","background-media":"","overlay-type":"","overlay-color":"","overlay-opacity":"","overlay-gradient":""},"tablet":{"background-color":"var(--ast-global-color-5)","background-image":"","background-repeat":"repeat","background-position":"center center","background-size":"auto","background-attachment":"scroll","background-type":"","background-media":"","overlay-type":"","overlay-color":"","overlay-opacity":"","overlay-gradient":""},"mobile":{"background-color":"var(--ast-global-color-5)","background-image":"","background-repeat":"repeat","background-position":"center center","background-size":"auto","background-attachment":"scroll","background-type":"","background-media":"","overlay-type":"","overlay-color":"","overlay-opacity":"","overlay-gradient":""}}},"product_brand":[],"product_cat":[27,28],"product_tag":[],"class_list":{"0":"post-758","1":"product","2":"type-product","3":"status-publish","4":"has-post-thumbnail","6":"product_cat-pergola","7":"product_cat-pergola-polycarbonate","8":"pa_structure-1-structure1","9":"pa_structure-1-structure2","10":"tm-has-options","11":"desktop-align-left","12":"tablet-align-left","13":"mobile-align-left","15":"first","16":"instock","17":"shipping-taxable","18":"purchasable","19":"product-type-simple"},"aioseo_notices":[],"tiered_pricing_type":"fixed","tiered_pricing_fixed_rules":[],"tiered_pricing_product_settings":{"layout":"default","base_unit_name":{"singular":null,"plural":null},"default_variation":null},"tiered_pricing_minimum_quantity":1,"tiered_pricing_roles_data":[],"tiered_pricing_percentage_rules":[],"_links":{"self":[{"href":"https:\/\/pergolaprestige.ch\/en\/wp-json\/wp\/v2\/product\/758"}],"collection":[{"href":"https:\/\/pergolaprestige.ch\/en\/wp-json\/wp\/v2\/product"}],"about":[{"href":"https:\/\/pergolaprestige.ch\/en\/wp-json\/wp\/v2\/types\/product"}],"replies":[{"embeddable":true,"href":"https:\/\/pergolaprestige.ch\/en\/wp-json\/wp\/v2\/comments?post=758"}],"version-history":[{"count":1,"href":"https:\/\/pergolaprestige.ch\/en\/wp-json\/wp\/v2\/product\/758\/revisions"}],"predecessor-version":[{"id":1098,"href":"https:\/\/pergolaprestige.ch\/en\/wp-json\/wp\/v2\/product\/758\/revisions\/1098"}],"wp:featuredmedia":[{"embeddable":true,"href":"https:\/\/pergolaprestige.ch\/en\/wp-json\/wp\/v2\/media\/844"}],"wp:attachment":[{"href":"https:\/\/pergolaprestige.ch\/en\/wp-json\/wp\/v2\/media?parent=758"}],"wp:term":[{"taxonomy":"product_brand","embeddable":true,"href":"https:\/\/pergolaprestige.ch\/en\/wp-json\/wp\/v2\/product_brand?post=758"},{"taxonomy":"product_cat","embeddable":true,"href":"https:\/\/pergolaprestige.ch\/en\/wp-json\/wp\/v2\/product_cat?post=758"},{"taxonomy":"product_tag","embeddable":true,"href":"https:\/\/pergolaprestige.ch\/en\/wp-json\/wp\/v2\/product_tag?post=758"}],"curies":[{"name":"wp","href":"https:\/\/api.w.org\/{rel}","templated":true}]}}