{"id":730,"date":"2024-07-26T11:22:10","date_gmt":"2024-07-26T11:22:10","guid":{"rendered":"https:\/\/pergolaprestige.ch\/?post_type=product&#038;p=730"},"modified":"2024-09-24T09:39:26","modified_gmt":"2024-09-24T09:39:26","slug":"arches-suncontrol-iii","status":"publish","type":"product","link":"https:\/\/pergolaprestige.ch\/en\/product\/arches-suncontrol-iii\/","title":{"rendered":"ARCHES SUNCONTROL III"},"content":{"rendered":"<p><img fetchpriority=\"high\" decoding=\"async\" class=\"alignnone wp-image-736\" src=\"https:\/\/pergolaprestige.ch\/wp-content\/uploads\/2024\/07\/784-300x183.png\" alt=\"\" width=\"1344\" height=\"820\" srcset=\"https:\/\/pergolaprestige.ch\/wp-content\/uploads\/2024\/07\/784-300x183.png 300w, https:\/\/pergolaprestige.ch\/wp-content\/uploads\/2024\/07\/784-1024x624.png 1024w, https:\/\/pergolaprestige.ch\/wp-content\/uploads\/2024\/07\/784-768x468.png 768w, https:\/\/pergolaprestige.ch\/wp-content\/uploads\/2024\/07\/784-600x365.png 600w, https:\/\/pergolaprestige.ch\/wp-content\/uploads\/2024\/07\/784.png 1054w\" sizes=\"(max-width: 1344px) 100vw, 1344px\" \/><\/p>\n<p><img decoding=\"async\" class=\"alignnone wp-image-737\" src=\"https:\/\/pergolaprestige.ch\/wp-content\/uploads\/2024\/07\/785-300x91.png\" alt=\"\" width=\"1368\" height=\"415\" srcset=\"https:\/\/pergolaprestige.ch\/wp-content\/uploads\/2024\/07\/785-300x91.png 300w, https:\/\/pergolaprestige.ch\/wp-content\/uploads\/2024\/07\/785-1024x310.png 1024w, https:\/\/pergolaprestige.ch\/wp-content\/uploads\/2024\/07\/785-768x233.png 768w, https:\/\/pergolaprestige.ch\/wp-content\/uploads\/2024\/07\/785-600x182.png 600w, https:\/\/pergolaprestige.ch\/wp-content\/uploads\/2024\/07\/785.png 1082w\" sizes=\"(max-width: 1368px) 100vw, 1368px\" \/><\/p>\n<p>&nbsp;<\/p>","protected":false},"excerpt":{"rendered":"<h2>Caract\u00e9ristiques | Characteristics<\/h2>\n<p>&#8211; Existe en adoss\u00e9 et autoportant<br \/>\n&#8211; Poteau 154x154mm<br \/>\n&#8211; Poutre goutti\u00e8re 150x260mm<br \/>\n&#8211; Lame 211mm double parois<br \/>\n&#8211; Automatisme \u00e0 vis sans fin cach\u00e9<br \/>\n&#8211; Aluminium thermolaqu\u00e9 Qualicoat \/ Qualimarine \/ Qualanod<br \/>\n&#8211; Platine de fixation au sol<br \/>\n&#8211; Led int\u00e9gr\u00e9es en p\u00e9riph\u00e9rie<br \/>\n&#8211; Bo\u00eeter de commande invisible avec t\u00e9l\u00e9commande et<br \/>\nApplication mobile ( Android et Apple\u2019s IOS)<br \/>\n&#8211; Available as lean to and freestanding<br \/>\n&#8211; Posts 154x154mm<br \/>\n&#8211; Gutter beam 150x260mm<br \/>\n&#8211; Double walled slats 211mm<br \/>\n&#8211; Hidden worm-screw automation<br \/>\n&#8211; Powder coated aluminum Qualicoat \/ Qualimarine \/ Qualanod<br \/>\n&#8211; Floor mounting plate<br \/>\n&#8211; Peripheral build-in LEDs<br \/>\n&#8211; Invisible control box controled by remote control and<br \/>\nsmartphone app ( Android and Apple\u2019s IOS)<\/p>","protected":false},"featured_media":732,"comment_status":"open","ping_status":"closed","template":"","meta":{"om_disable_all_campaigns":false,"_monsterinsights_skip_tracking":false,"_monsterinsights_sitenote_active":false,"_monsterinsights_sitenote_note":"","_monsterinsights_sitenote_category":0,"site-sidebar-layout":"default","site-content-layout":"","ast-site-content-layout":"default","site-content-style":"default","site-sidebar-style":"default","ast-global-header-display":"","ast-banner-title-visibility":"","ast-main-header-display":"","ast-hfb-above-header-display":"","ast-hfb-below-header-display":"","ast-hfb-mobile-header-display":"","site-post-title":"","ast-breadcrumbs-content":"","ast-featured-img":"","footer-sml-layout":"","theme-transparent-header-meta":"default","adv-header-id-meta":"","stick-header-meta":"","header-above-stick-meta":"","header-main-stick-meta":"","header-below-stick-meta":"","astra-migrate-meta-layouts":"set","ast-page-background-enabled":"default","ast-page-background-meta":{"desktop":{"background-color":"var(--ast-global-color-4)","background-image":"","background-repeat":"repeat","background-position":"center center","background-size":"auto","background-attachment":"scroll","background-type":"","background-media":"","overlay-type":"","overlay-color":"","overlay-opacity":"","overlay-gradient":""},"tablet":{"background-color":"","background-image":"","background-repeat":"repeat","background-position":"center center","background-size":"auto","background-attachment":"scroll","background-type":"","background-media":"","overlay-type":"","overlay-color":"","overlay-opacity":"","overlay-gradient":""},"mobile":{"background-color":"","background-image":"","background-repeat":"repeat","background-position":"center center","background-size":"auto","background-attachment":"scroll","background-type":"","background-media":"","overlay-type":"","overlay-color":"","overlay-opacity":"","overlay-gradient":""}},"ast-content-background-meta":{"desktop":{"background-color":"var(--ast-global-color-5)","background-image":"","background-repeat":"repeat","background-position":"center center","background-size":"auto","background-attachment":"scroll","background-type":"","background-media":"","overlay-type":"","overlay-color":"","overlay-opacity":"","overlay-gradient":""},"tablet":{"background-color":"var(--ast-global-color-5)","background-image":"","background-repeat":"repeat","background-position":"center center","background-size":"auto","background-attachment":"scroll","background-type":"","background-media":"","overlay-type":"","overlay-color":"","overlay-opacity":"","overlay-gradient":""},"mobile":{"background-color":"var(--ast-global-color-5)","background-image":"","background-repeat":"repeat","background-position":"center center","background-size":"auto","background-attachment":"scroll","background-type":"","background-media":"","overlay-type":"","overlay-color":"","overlay-opacity":"","overlay-gradient":""}}},"product_brand":[],"product_cat":[27,40],"product_tag":[],"class_list":{"0":"post-730","1":"product","2":"type-product","3":"status-publish","4":"has-post-thumbnail","6":"product_cat-pergola","7":"product_cat-pergola-bioclimatic","8":"tm-no-options","9":"desktop-align-left","10":"tablet-align-left","11":"mobile-align-left","13":"first","14":"instock","15":"shipping-taxable","16":"product-type-simple"},"aioseo_notices":[],"tiered_pricing_type":"fixed","tiered_pricing_fixed_rules":[],"tiered_pricing_product_settings":{"layout":"default","base_unit_name":{"singular":null,"plural":null},"default_variation":null},"tiered_pricing_minimum_quantity":1,"tiered_pricing_roles_data":[],"tiered_pricing_percentage_rules":[],"_links":{"self":[{"href":"https:\/\/pergolaprestige.ch\/en\/wp-json\/wp\/v2\/product\/730"}],"collection":[{"href":"https:\/\/pergolaprestige.ch\/en\/wp-json\/wp\/v2\/product"}],"about":[{"href":"https:\/\/pergolaprestige.ch\/en\/wp-json\/wp\/v2\/types\/product"}],"replies":[{"embeddable":true,"href":"https:\/\/pergolaprestige.ch\/en\/wp-json\/wp\/v2\/comments?post=730"}],"version-history":[{"count":2,"href":"https:\/\/pergolaprestige.ch\/en\/wp-json\/wp\/v2\/product\/730\/revisions"}],"predecessor-version":[{"id":1101,"href":"https:\/\/pergolaprestige.ch\/en\/wp-json\/wp\/v2\/product\/730\/revisions\/1101"}],"wp:featuredmedia":[{"embeddable":true,"href":"https:\/\/pergolaprestige.ch\/en\/wp-json\/wp\/v2\/media\/732"}],"wp:attachment":[{"href":"https:\/\/pergolaprestige.ch\/en\/wp-json\/wp\/v2\/media?parent=730"}],"wp:term":[{"taxonomy":"product_brand","embeddable":true,"href":"https:\/\/pergolaprestige.ch\/en\/wp-json\/wp\/v2\/product_brand?post=730"},{"taxonomy":"product_cat","embeddable":true,"href":"https:\/\/pergolaprestige.ch\/en\/wp-json\/wp\/v2\/product_cat?post=730"},{"taxonomy":"product_tag","embeddable":true,"href":"https:\/\/pergolaprestige.ch\/en\/wp-json\/wp\/v2\/product_tag?post=730"}],"curies":[{"name":"wp","href":"https:\/\/api.w.org\/{rel}","templated":true}]}}