{"id":683,"date":"2024-07-26T06:05:37","date_gmt":"2024-07-26T06:05:37","guid":{"rendered":"https:\/\/pergolaprestige.ch\/?post_type=product&#038;p=683"},"modified":"2024-09-24T09:47:22","modified_gmt":"2024-09-24T09:47:22","slug":"suncontrol-iii","status":"publish","type":"product","link":"https:\/\/pergolaprestige.ch\/en\/product\/suncontrol-iii\/","title":{"rendered":"Suncontrol III"},"content":{"rendered":"<p>\u200b<\/p>\n<p><img fetchpriority=\"high\" decoding=\"async\" class=\"alignnone wp-image-695\" src=\"https:\/\/pergolaprestige.ch\/wp-content\/uploads\/2024\/07\/768-300x178.png\" alt=\"\" width=\"1308\" height=\"776\" srcset=\"https:\/\/pergolaprestige.ch\/wp-content\/uploads\/2024\/07\/768-300x178.png 300w, https:\/\/pergolaprestige.ch\/wp-content\/uploads\/2024\/07\/768-1024x608.png 1024w, https:\/\/pergolaprestige.ch\/wp-content\/uploads\/2024\/07\/768-768x456.png 768w, https:\/\/pergolaprestige.ch\/wp-content\/uploads\/2024\/07\/768-600x356.png 600w, https:\/\/pergolaprestige.ch\/wp-content\/uploads\/2024\/07\/768.png 1089w\" sizes=\"(max-width: 1308px) 100vw, 1308px\" \/><\/p>\n<p><img decoding=\"async\" class=\"alignnone wp-image-707\" src=\"https:\/\/pergolaprestige.ch\/wp-content\/uploads\/2024\/07\/769-300x179.png\" alt=\"\" width=\"1294\" height=\"772\" srcset=\"https:\/\/pergolaprestige.ch\/wp-content\/uploads\/2024\/07\/769-300x179.png 300w, https:\/\/pergolaprestige.ch\/wp-content\/uploads\/2024\/07\/769-1024x610.png 1024w, https:\/\/pergolaprestige.ch\/wp-content\/uploads\/2024\/07\/769-768x458.png 768w, https:\/\/pergolaprestige.ch\/wp-content\/uploads\/2024\/07\/769-600x358.png 600w, https:\/\/pergolaprestige.ch\/wp-content\/uploads\/2024\/07\/769.png 1074w\" sizes=\"(max-width: 1294px) 100vw, 1294px\" \/><\/p>\n<p><img decoding=\"async\" class=\"alignnone wp-image-708\" src=\"https:\/\/pergolaprestige.ch\/wp-content\/uploads\/2024\/07\/770-300x195.png\" alt=\"\" width=\"1303\" height=\"847\" srcset=\"https:\/\/pergolaprestige.ch\/wp-content\/uploads\/2024\/07\/770-300x195.png 300w, https:\/\/pergolaprestige.ch\/wp-content\/uploads\/2024\/07\/770-1024x665.png 1024w, https:\/\/pergolaprestige.ch\/wp-content\/uploads\/2024\/07\/770-768x498.png 768w, https:\/\/pergolaprestige.ch\/wp-content\/uploads\/2024\/07\/770-600x389.png 600w, https:\/\/pergolaprestige.ch\/wp-content\/uploads\/2024\/07\/770.png 1077w\" sizes=\"(max-width: 1303px) 100vw, 1303px\" \/><\/p>\n<p>&nbsp;<\/p>\n<p><img loading=\"lazy\" decoding=\"async\" class=\"alignnone wp-image-709\" src=\"https:\/\/pergolaprestige.ch\/wp-content\/uploads\/2024\/07\/771-300x194.png\" alt=\"\" width=\"1307\" height=\"845\" srcset=\"https:\/\/pergolaprestige.ch\/wp-content\/uploads\/2024\/07\/771-300x194.png 300w, https:\/\/pergolaprestige.ch\/wp-content\/uploads\/2024\/07\/771-1024x661.png 1024w, https:\/\/pergolaprestige.ch\/wp-content\/uploads\/2024\/07\/771-768x496.png 768w, https:\/\/pergolaprestige.ch\/wp-content\/uploads\/2024\/07\/771-600x387.png 600w, https:\/\/pergolaprestige.ch\/wp-content\/uploads\/2024\/07\/771.png 1078w\" sizes=\"(max-width: 1307px) 100vw, 1307px\" \/><\/p>\n<p>&nbsp;<\/p>","protected":false},"excerpt":{"rendered":"<h2>Caract\u00e9ristiques | Characteristics<\/h2>\n<p>&#8211; Existe en adoss\u00e9 et autoportant<br \/>\n&#8211; Poteau 154 x 154 mm<br \/>\n&#8211; Poutre goutti\u00e8re 150 x 260 mm<br \/>\n&#8211; Lame 211 mm double parois<br \/>\n&#8211; Automatisme \u00e0 vis sans fin cach\u00e9<br \/>\n&#8211; Aluminium thermolaqu\u00e9 Qualicoat \/ Qualimarine \/ Qualanod<br \/>\n&#8211; Platine de fixation au sol<br \/>\n&#8211; Led int\u00e9gr\u00e9es en p\u00e9riph\u00e9rie<br \/>\n&#8211; Bo\u00eeter de commande invisible avec t\u00e9l\u00e9commande et<br \/>\nApplication mobile ( Android et Apple\u2019s IOS)<br \/>\n&#8211; Option d\u2019agrandissement des goutti\u00e8res<br \/>\n&#8211; Available as lean to and freestanding<br \/>\n&#8211; Posts 154 x 154 mm<br \/>\n&#8211; Gutter beam 150 x 260 mm<br \/>\n&#8211; Double walled slats 211 mm<br \/>\n&#8211; Hidden worm-screw automation<br \/>\n&#8211; Powder coated aluminum Qualicoat \/ Qualimarine \/ Qualanod<br \/>\n&#8211; Floor mounting plate<br \/>\n&#8211; Peripheral build-in LEDs<br \/>\n&#8211; Invisible control box controled by remote control and<br \/>\nsmartphone app ( Android and Apple\u2019s IOS)<br \/>\n&#8211; Enlargement of gutters optional<\/p>\n<p>Product Price Table<\/p>","protected":false},"featured_media":685,"comment_status":"open","ping_status":"closed","template":"","meta":{"om_disable_all_campaigns":false,"_monsterinsights_skip_tracking":false,"_monsterinsights_sitenote_active":false,"_monsterinsights_sitenote_note":"","_monsterinsights_sitenote_category":0,"site-sidebar-layout":"default","site-content-layout":"","ast-site-content-layout":"default","site-content-style":"default","site-sidebar-style":"default","ast-global-header-display":"","ast-banner-title-visibility":"","ast-main-header-display":"","ast-hfb-above-header-display":"","ast-hfb-below-header-display":"","ast-hfb-mobile-header-display":"","site-post-title":"","ast-breadcrumbs-content":"","ast-featured-img":"","footer-sml-layout":"","theme-transparent-header-meta":"default","adv-header-id-meta":"","stick-header-meta":"","header-above-stick-meta":"","header-main-stick-meta":"","header-below-stick-meta":"","astra-migrate-meta-layouts":"set","ast-page-background-enabled":"default","ast-page-background-meta":{"desktop":{"background-color":"var(--ast-global-color-4)","background-image":"","background-repeat":"repeat","background-position":"center center","background-size":"auto","background-attachment":"scroll","background-type":"","background-media":"","overlay-type":"","overlay-color":"","overlay-opacity":"","overlay-gradient":""},"tablet":{"background-color":"","background-image":"","background-repeat":"repeat","background-position":"center center","background-size":"auto","background-attachment":"scroll","background-type":"","background-media":"","overlay-type":"","overlay-color":"","overlay-opacity":"","overlay-gradient":""},"mobile":{"background-color":"","background-image":"","background-repeat":"repeat","background-position":"center center","background-size":"auto","background-attachment":"scroll","background-type":"","background-media":"","overlay-type":"","overlay-color":"","overlay-opacity":"","overlay-gradient":""}},"ast-content-background-meta":{"desktop":{"background-color":"var(--ast-global-color-5)","background-image":"","background-repeat":"repeat","background-position":"center center","background-size":"auto","background-attachment":"scroll","background-type":"","background-media":"","overlay-type":"","overlay-color":"","overlay-opacity":"","overlay-gradient":""},"tablet":{"background-color":"var(--ast-global-color-5)","background-image":"","background-repeat":"repeat","background-position":"center center","background-size":"auto","background-attachment":"scroll","background-type":"","background-media":"","overlay-type":"","overlay-color":"","overlay-opacity":"","overlay-gradient":""},"mobile":{"background-color":"var(--ast-global-color-5)","background-image":"","background-repeat":"repeat","background-position":"center center","background-size":"auto","background-attachment":"scroll","background-type":"","background-media":"","overlay-type":"","overlay-color":"","overlay-opacity":"","overlay-gradient":""}}},"product_brand":[],"product_cat":[27,40],"product_tag":[],"class_list":{"0":"post-683","1":"product","2":"type-product","3":"status-publish","4":"has-post-thumbnail","6":"product_cat-pergola","7":"product_cat-pergola-bioclimatic","8":"tm-no-options","9":"desktop-align-left","10":"tablet-align-left","11":"mobile-align-left","13":"first","14":"instock","15":"shipping-taxable","16":"product-type-simple"},"aioseo_notices":[],"tiered_pricing_type":"fixed","tiered_pricing_fixed_rules":[],"tiered_pricing_product_settings":{"layout":"default","base_unit_name":{"singular":null,"plural":null},"default_variation":null},"tiered_pricing_minimum_quantity":1,"tiered_pricing_roles_data":[],"tiered_pricing_percentage_rules":[],"_links":{"self":[{"href":"https:\/\/pergolaprestige.ch\/en\/wp-json\/wp\/v2\/product\/683"}],"collection":[{"href":"https:\/\/pergolaprestige.ch\/en\/wp-json\/wp\/v2\/product"}],"about":[{"href":"https:\/\/pergolaprestige.ch\/en\/wp-json\/wp\/v2\/types\/product"}],"replies":[{"embeddable":true,"href":"https:\/\/pergolaprestige.ch\/en\/wp-json\/wp\/v2\/comments?post=683"}],"version-history":[{"count":2,"href":"https:\/\/pergolaprestige.ch\/en\/wp-json\/wp\/v2\/product\/683\/revisions"}],"predecessor-version":[{"id":1104,"href":"https:\/\/pergolaprestige.ch\/en\/wp-json\/wp\/v2\/product\/683\/revisions\/1104"}],"wp:featuredmedia":[{"embeddable":true,"href":"https:\/\/pergolaprestige.ch\/en\/wp-json\/wp\/v2\/media\/685"}],"wp:attachment":[{"href":"https:\/\/pergolaprestige.ch\/en\/wp-json\/wp\/v2\/media?parent=683"}],"wp:term":[{"taxonomy":"product_brand","embeddable":true,"href":"https:\/\/pergolaprestige.ch\/en\/wp-json\/wp\/v2\/product_brand?post=683"},{"taxonomy":"product_cat","embeddable":true,"href":"https:\/\/pergolaprestige.ch\/en\/wp-json\/wp\/v2\/product_cat?post=683"},{"taxonomy":"product_tag","embeddable":true,"href":"https:\/\/pergolaprestige.ch\/en\/wp-json\/wp\/v2\/product_tag?post=683"}],"curies":[{"name":"wp","href":"https:\/\/api.w.org\/{rel}","templated":true}]}}